{"id":1925,"date":"2017-01-19T10:49:57","date_gmt":"2017-01-19T15:49:57","guid":{"rendered":"http:\/\/pgmsc.com\/wordpress\/?page_id=1925"},"modified":"2024-02-27T15:53:26","modified_gmt":"2024-02-27T14:53:26","slug":"our-team","status":"publish","type":"page","link":"https:\/\/pecs-poland.com\/en\/our-team\/","title":{"rendered":"Our Team"},"content":{"rendered":"<p>[et_pb_section fb_built=&#8221;1&#8243; admin_label=&#8221;section&#8221; _builder_version=&#8221;4.16&#8243; global_colors_info=&#8221;{}&#8221;][et_pb_row column_structure=&#8221;1_4,3_4&#8243; _builder_version=&#8221;4.16&#8243; background_size=&#8221;initial&#8221; background_position=&#8221;top_left&#8221; background_repeat=&#8221;repeat&#8221; global_colors_info=&#8221;{}&#8221;][et_pb_column type=&#8221;1_4&#8243; _builder_version=&#8221;4.16&#8243; custom_padding=&#8221;|||&#8221; global_colors_info=&#8221;{}&#8221; custom_padding__hover=&#8221;|||&#8221;][et_pb_text admin_label=&#8221;Clinical Team&#8221; module_class=&#8221;no-list &#8221; _builder_version=&#8221;4.16&#8243; background_size=&#8221;initial&#8221; background_position=&#8221;top_left&#8221; background_repeat=&#8221;repeat&#8221; custom_css_main_element=&#8221;border-top:5px solid rgba(0,0,0,0.75);||padding-top:10px;&#8221; use_border_color=&#8221;off&#8221; border_color=&#8221;#ffffff&#8221; border_style=&#8221;solid&#8221; global_colors_info=&#8221;{}&#8221;]<\/p>\n<h2>Clinical Team<\/h2>\n<p><!--[consultant_listing]--><br \/>\n[\/et_pb_text][\/et_pb_column][et_pb_column type=&#8221;3_4&#8243; _builder_version=&#8221;4.16&#8243; custom_padding=&#8221;|||&#8221; global_colors_info=&#8221;{}&#8221; custom_padding__hover=&#8221;|||&#8221;][et_pb_toggle title=&#8221;Andy Bondy, PhD&#8221; icon_color=&#8221;#02879b&#8221; open_icon_color=&#8221;#02879b&#8221; admin_label=&#8221;Andy Bondy, PhD&#8221; module_class=&#8221;app-sup_toggle&#8221; _builder_version=&#8221;4.16&#8243; title_font=&#8221;|on|||&#8221; background_size=&#8221;initial&#8221; background_position=&#8221;top_left&#8221; background_repeat=&#8221;repeat&#8221; border_style=&#8221;solid&#8221; global_colors_info=&#8221;{}&#8221;]<script type=\"application\/ld+json\">{\"@context\":\"https:\/\/schema.org\",\"@type\":\"Person\",\"name\":\"Dr Andy Bondy\",\"jobTitle\":\"Chief Clinical Officer\",\"worksFor\":\"Pyramid Educational Consultants Poland\",\"telephone\":\"<a href=\\\"tel:+48 601 555 850\\\">+48 601 555 850<\/a>\"}<\/script>Andrew Bondy jest prezesem i za\u0142o\u017cycielem Pyramid Educational Consultants. Jest on zwolennikiem innowacji w dziedzinie autyzmu i stosowanej analizy zachowania. Przez 14 lat kierowa\u0142 stanowym systemem szk\u00f3\u0142 publicznych dla uczni\u00f3w z autyzmem. Jest wsp\u00f3\u0142autorem Podr\u0119cznika szkoleniowego PECS. Jest r\u00f3wnie\u017c autorem pozycji Podej\u015bcie Pyramid do Edukacji, kt\u00f3ra prezentuje zintegrowane podej\u015bcie do rozwijania skutecznych \u015brodowisk edukacyjnych, \u0142\u0105cz\u0105c stosowan\u0105 analiz\u0119 zachowania z czynno\u015bciami funkcjonalnymi i kreatywnymi strategiami rozwijania komunikacji. Dr Bondy zdoby\u0142 tytu\u0142 MA oraz PhD na uniwersytecie UNC Greensboro oraz uko\u0144czy\u0142 sta\u017c kliniczny w 1976 roku na University of Kansas Medical Center. Dr Bondy zaprezentowa\u0142 wiele prac i wyk\u0142ad\u00f3w oraz przeprowadzi\u0142 wiele warsztat\u00f3w na regionalnych, krajowych i mi\u0119dzynarodowych konferencjach i konwencjach dotycz\u0105cych analizy zachowania, PECS oraz Podej\u015bcia Pyramid do Edukacji. Stale prowadzi dzia\u0142alno\u015b\u0107 naukow\u0105 oraz kontynuuje prac\u0119 nad rozwijaniem nowych i innowacyjnych metod pracy, maj\u0105cych na celu pomoc dzieciom z autyzmem i innymi zaburzeniami rozwoju.<br \/>\n[\/et_pb_toggle][et_pb_toggle title=&#8221;Lori Frost, MS, CCC-SLP&#8221; icon_color=&#8221;#02879b&#8221; open_icon_color=&#8221;#02879b&#8221; admin_label=&#8221;Lori Frost, MS, CCC-SLP&#8221; module_class=&#8221;app-sup_toggle&#8221; _builder_version=&#8221;4.16&#8243; title_font=&#8221;|on|||&#8221; background_size=&#8221;initial&#8221; background_position=&#8221;top_left&#8221; background_repeat=&#8221;repeat&#8221; border_style=&#8221;solid&#8221; global_colors_info=&#8221;{}&#8221;]<script type=\"application\/ld+json\">{\"@context\":\"https:\/\/schema.org\",\"@type\":\"Person\",\"name\":\"Mgr Lori Frost, CCC-SLP\",\"jobTitle\":\"Chief Clinical Officer\",\"worksFor\":\"Pyramid Educational Consultants Poland\",\"telephone\":\"<a href=\\\"tel:+48 601 555 850\\\">+48 601 555 850<\/a>\"}<\/script>Lori Frost jest wiceprezes i wsp\u00f3\u0142za\u0142o\u017cycielk\u0105 Pyramid Educational Consultants. Jest wsp\u00f3\u0142autork\u0105 Podr\u0119cznika szkoleniowego PECS. By\u0142a g\u0142\u00f3wn\u0105 inicjatork\u0105 prac nad  PECS, unikatowym systemem, kt\u00f3ry umo\u017cliwia dzieciom z ograniczonymi zdolno\u015bciami komunikacji nauczy\u0107 si\u0119 inicjowania komunikacji z nauczycielami, rodzicami i r\u00f3wie\u015bnikami. Lori Frost ma bogate do\u015bwiadczenie w prowadzeniu szkole\u0144 w dziedzinie komunikacji funkcjonalnej oraz stosowanej analizy zachowania. Pomaga\u0142a w opracowywaniu wielu pakiet\u00f3w szkoleniowych maj\u0105cych na celu nauczanie j\u0119zyka i umiej\u0119tno\u015bci szkolnych. Zdoby\u0142a tytu\u0142 BA w dziedzinie logopedii i audiologii na Uniwersytecie w Arkansas oraz tytu\u0142 MS w dziedzinie patologii mowy i j\u0119zyka na Uniwersytecie Karoliny P\u00f3\u0142nocnej w Chapel Hill w 1982 roku. Pracowa\u0142a w wielu publicznych i prywatnych szko\u0142ach jako logopeda. Jako konsultant Pyramid, Lori Frost podr\u00f3\u017cuje po ca\u0142ym kraju i \u015bwiecie, prowadz\u0105c szkolenia na temat PECS oraz Podej\u015bcia Pyramid do Edukacji. Zaprezentowa\u0142a wiele prac i wyk\u0142ad\u00f3w dotycz\u0105cych autyzmu i komunikacji, jest wsp\u00f3\u0142autork\u0105 kilku artyku\u0142\u00f3w i rozdzia\u0142\u00f3w, a tak\u017ce jest ceniona w\u015br\u00f3d specjalist\u00f3w jako ekspertka w dziedzinie system\u00f3w komunikacji funkcjonalnej.<br \/>\n[\/et_pb_toggle][et_pb_toggle title=&#8221;Jaime Wedel, MEd, CAGS, BCBA&#8221; icon_color=&#8221;#02879b&#8221; open_icon_color=&#8221;#02879b&#8221; admin_label=&#8221;Jaime Wedel, M.Ed., CAGS, BCBA&#8221; module_class=&#8221;app-sup_toggle_last&#8221; _builder_version=&#8221;4.16&#8243; title_font=&#8221;|on|||&#8221; background_size=&#8221;initial&#8221; background_position=&#8221;top_left&#8221; background_repeat=&#8221;repeat&#8221; border_style=&#8221;solid&#8221; global_colors_info=&#8221;{}&#8221;]<br \/>\n[\/et_pb_toggle][\/et_pb_column][\/et_pb_row][et_pb_row column_structure=&#8221;1_4,3_4&#8243; _builder_version=&#8221;4.16&#8243; background_size=&#8221;initial&#8221; background_position=&#8221;top_left&#8221; background_repeat=&#8221;repeat&#8221; global_colors_info=&#8221;{}&#8221;][et_pb_column type=&#8221;1_4&#8243; _builder_version=&#8221;4.16&#8243; custom_padding=&#8221;|||&#8221; global_colors_info=&#8221;{}&#8221; custom_padding__hover=&#8221;|||&#8221;][et_pb_text admin_label=&#8221;Clinical Team&#8221; module_class=&#8221;no-list &#8221; _builder_version=&#8221;4.16&#8243; background_size=&#8221;initial&#8221; background_position=&#8221;top_left&#8221; background_repeat=&#8221;repeat&#8221; custom_css_main_element=&#8221;border-top:5px solid rgba(0,0,0,0.75);||padding-top:10px;&#8221; border_style=&#8221;solid&#8221; global_colors_info=&#8221;{}&#8221;]<\/p>\n<h2>Disclosures<\/h2>\n<p>[\/et_pb_text][\/et_pb_column][et_pb_column type=&#8221;3_4&#8243; _builder_version=&#8221;4.16&#8243; custom_padding=&#8221;|||&#8221; global_colors_info=&#8221;{}&#8221; custom_padding__hover=&#8221;|||&#8221;][et_pb_toggle title=&#8221;ASHA Financial Disclosures&#8221; icon_color=&#8221;#02879b&#8221; open_icon_color=&#8221;#02879b&#8221; admin_label=&#8221;ASHA Financial Disclosures&#8221; module_class=&#8221;app-sup_toggle_last&#8221; _builder_version=&#8221;4.16&#8243; title_font=&#8221;|on|||&#8221; background_size=&#8221;initial&#8221; background_position=&#8221;top_left&#8221; background_repeat=&#8221;repeat&#8221; border_style=&#8221;solid&#8221; saved_tabs=&#8221;all&#8221; global_colors_info=&#8221;{}&#8221;]<\/p>\n<h5><strong>Andy Bondy, PhD<br \/>\n<\/strong><\/h5>\n<p><em>Financial:<\/em> Dr. Andy Bondy receives royalties for the titles, <i>Autism 24\/7 <\/i>and <i>A Picture&#8217;s Worth, 2nd Edition<\/i>.<br \/>\n<em>Non-financial:<\/em> Dr. Andy Bondy holds a non-compensated board seat with The Cambridge Center for Behavioral Studies.<\/p>\n<h5><strong>Lori Frost, MS, CCC-SLP<br \/>\n<\/strong><\/h5>\n<p><em>Financial:<\/em> Lori Frost receives royalties for the titles,<em> Autism 24\/7 and A Picture&#8217;s Worth, 2nd Edition.<\/em><br \/>\n<em>Non-financial:<\/em> No relevant non-financial relationships to disclose.<\/p>\n<h5><strong>Donna Banzhof, MEd, BCBA<br \/>\n<\/strong><\/h5>\n<p><em>Financial:<\/em> Donna Banzhof receives compensation as an employee of Pyramid Educational Consultants, Inc.<br \/>\n<em>Non-financial:<\/em> No relevant non-financial relationships to disclose.<\/p>\n<h5><strong>Tony Castrogiovanni, PhD<br \/>\n<\/strong><\/h5>\n<p><em>Financial:<\/em> Dr. Anthony Castrogiovanni receives compensation as an employee of Pyramid Educational Consultants, Inc. <em>Non-financial:<\/em> No relevant non-financial relationships to disclose.<\/p>\n<h5><strong>Jessica Collins, MEd, BCBA<br \/>\n<\/strong><\/h5>\n<p><em>Financial:<\/em> Jesseca Collins receives compensation as an employee of Pyramid Educational Consultants, Inc.<br \/>\n<em>Non-financial:<\/em> No relevant non-financial relationships to disclose.<\/p>\n<h5><strong>Catherine Horton, MS, CCC-SLP, BCBA<br \/>\n<\/strong><\/h5>\n<p><em>Financial:<\/em> Catherine Horton receives compensation as an employee of Pyramid Educational Consultants, Inc.<br \/>\n<em>Non-financial:<\/em> No relevant non-financial relationships to disclose.<\/p>\n<h5><strong>Jo-Anne B. Matteo, MS, CCC-SLP<br \/>\n<\/strong><\/h5>\n<p><em>Financial:<\/em> Jo-Anne Matteo receives compensation as an employee of Pyramid Educational Consultants, Inc.<br \/>\n<em>Non-financial:<\/em> No relevant non-financial relationships to disclose.<\/p>\n<h5><strong>Anne K. Overcash, MEd<br \/>\n<\/strong><\/h5>\n<p><em>Financial:<\/em> Anne Overcash receives compensation as an employee of Pyramid Educational Consultants, Inc.<br \/>\n<em>Non-financial:<\/em> No relevant non-financial relationships to disclose.<\/p>\n<h5><strong>Jill Waegenaere, MA, CCC-SLP<br \/>\n<\/strong><\/h5>\n<p><em>Financial:<\/em> Jill Waegenaere receives compensation as an employee of Pyramid Educational Consultants, Inc.<br \/>\n<em>Non-financial:<\/em> No relevant non-financial relationships to disclose.<\/p>\n<h5><strong>Jaime Wedel, MEd, CAGS, BCBA<br \/>\n<\/strong><\/h5>\n<p><em>Financial:<\/em> Jaime Wedel receives compensation as an employee of Pyramid Educational Consultants, Inc.<br \/>\n<em>Non-financial:<\/em> No relevant non-financial relationships to disclose.<\/p>\n<h5><strong>Paige Panetta, MEd, BCBA<br \/>\n<\/strong><\/h5>\n<p><em>Financial:<\/em> Paige Panetta receives compensation as an employee of Pyramid Educational Consultants, Inc.<br \/>\n<em>Non-financial:<\/em> No relevant non-financial relationships to disclose.<\/p>\n<h5><strong>Julia Hoffman, MS, CCC-SLP<br \/>\n<\/strong><\/h5>\n<p><em>Financial:<\/em> Julia Hoffman receives compensation as an employee of Pyramid Educational Consultants, Inc.<br \/>\n<em>Non-financial:<\/em> No relevant non-financial relationships to disclose.<\/p>\n<h5><strong>Shera Lin Davis, MEd<br \/>\n<\/strong><\/h5>\n<p><em>Financial:<\/em> Shera Davis receives compensation as an employee of Pyramid Educational Consultants, Inc.<br \/>\n<em>Non-financial:<\/em> No relevant non-financial relationships to disclose.<br \/>\n[\/et_pb_toggle][\/et_pb_column][\/et_pb_row][et_pb_row _builder_version=&#8221;4.16&#8243; background_size=&#8221;initial&#8221; background_position=&#8221;top_left&#8221; background_repeat=&#8221;repeat&#8221; global_colors_info=&#8221;{}&#8221;][et_pb_column type=&#8221;4_4&#8243; _builder_version=&#8221;4.16&#8243; custom_padding=&#8221;|||&#8221; global_colors_info=&#8221;{}&#8221; custom_padding__hover=&#8221;|||&#8221;][et_pb_text admin_label=&#8221;Training Disclaimer&#8221; _builder_version=&#8221;4.16&#8243; border_style=&#8221;solid&#8221; global_colors_info=&#8221;{}&#8221;]<em>All presentations provided by Pyramid Educational Consultants, Inc. will focus exclusively on PECS (The Picture Exchange Communication System) and or The Pyramid Approach to Education.<\/em><br \/>\n[\/et_pb_text][\/et_pb_column][\/et_pb_row][\/et_pb_section]<\/p>\n","protected":false},"excerpt":{"rendered":"<p>Clinical Team <script type=\"application\/ld+json\">{\"@context\":\"https:\/\/schema.org\",\"@type\":\"Person\",\"name\":\"Dr Andy Bondy\",\"jobTitle\":\"Chief Clinical Officer\",\"worksFor\":\"Pyramid Educational Consultants Poland\",\"telephone\":\"<a href=\\\"tel:+48 601 555 850\\\">+48 601 555 850<\/a>\"}<\/script>Andrew Bondy jest prezesem i za\u0142o\u017cycielem Pyramid Educational Consultants. Jest on zwolennikiem innowacji w dziedzinie autyzmu i stosowanej analizy zachowania. Przez 14 lat kierowa\u0142 stanowym systemem szk\u00f3\u0142 publicznych dla uczni\u00f3w z autyzmem. Jest wsp\u00f3\u0142autorem Podr\u0119cznika szkoleniowego PECS. Jest r\u00f3wnie\u017c autorem pozycji Podej\u015bcie Pyramid do Edukacji, kt\u00f3ra prezentuje zintegrowane podej\u015bcie do rozwijania skutecznych \u015brodowisk edukacyjnych, \u0142\u0105cz\u0105c stosowan\u0105 analiz\u0119 zachowania z czynno\u015bciami funkcjonalnymi i kreatywnymi strategiami rozwijania komunikacji. Dr Bondy zdoby\u0142 tytu\u0142 MA oraz PhD na uniwersytecie UNC Greensboro oraz uko\u0144czy\u0142 sta\u017c kliniczny w 1976 roku na University of Kansas Medical Center. Dr Bondy zaprezentowa\u0142 wiele prac i wyk\u0142ad\u00f3w oraz przeprowadzi\u0142 wiele warsztat\u00f3w na regionalnych, krajowych i mi\u0119dzynarodowych konferencjach i konwencjach dotycz\u0105cych analizy zachowania, PECS oraz Podej\u015bcia Pyramid do Edukacji. Stale prowadzi dzia\u0142alno\u015b\u0107 naukow\u0105 oraz kontynuuje prac\u0119 nad rozwijaniem nowych i innowacyjnych metod pracy, maj\u0105cych na celu pomoc dzieciom z autyzmem i innymi zaburzeniami rozwoju.&#8230;<\/p>\n","protected":false},"author":1,"featured_media":0,"parent":0,"menu_order":0,"comment_status":"closed","ping_status":"closed","template":"page-template-fullwidth.php","meta":{"_et_pb_use_builder":"on","_et_pb_old_content":"<p>Test\/hub page for staff and consultants. Possibly redirect from staff.php? Description and stuff here, then list the consultants.<\/p><p>[consultant_listing]<\/p>","_et_gb_content_width":"","footnotes":""},"categories":[181],"tags":[],"class_list":["post-1925","page","type-page","status-publish","hentry","category-about-us"],"yoast_head":"<!-- This site is optimized with the Yoast SEO plugin v26.9 - https:\/\/yoast.com\/product\/yoast-seo-wordpress\/ -->\n<title>Our Team -<\/title>\n<meta name=\"robots\" content=\"index, follow, max-snippet:-1, max-image-preview:large, max-video-preview:-1\" \/>\n<link rel=\"canonical\" href=\"https:\/\/pecs-poland.com\/en\/our-team\/\" \/>\n<meta property=\"og:locale\" content=\"en_US\" \/>\n<meta property=\"og:type\" content=\"article\" \/>\n<meta property=\"og:title\" content=\"Our Team -\" \/>\n<meta property=\"og:description\" content=\"Clinical Team ...\" \/>\n<meta property=\"og:url\" content=\"https:\/\/pecs-poland.com\/en\/our-team\/\" \/>\n<meta property=\"og:site_name\" content=\"Pyramid Educational Consultants Poland\" \/>\n<meta property=\"article:modified_time\" content=\"2024-02-27T14:53:26+00:00\" \/>\n<meta name=\"twitter:card\" content=\"summary_large_image\" \/>\n<meta name=\"twitter:label1\" content=\"Est. reading time\" \/>\n\t<meta name=\"twitter:data1\" content=\"4 minutes\" \/>\n<script type=\"application\/ld+json\" class=\"yoast-schema-graph\">{\"@context\":\"https:\/\/schema.org\",\"@graph\":[{\"@type\":\"WebPage\",\"@id\":\"https:\/\/pecs-poland.com\/en\/our-team\/\",\"url\":\"https:\/\/pecs-poland.com\/en\/our-team\/\",\"name\":\"Our Team -\",\"isPartOf\":{\"@id\":\"https:\/\/pecs-poland.com\/en\/#website\"},\"datePublished\":\"2017-01-19T15:49:57+00:00\",\"dateModified\":\"2024-02-27T14:53:26+00:00\",\"breadcrumb\":{\"@id\":\"https:\/\/pecs-poland.com\/en\/our-team\/#breadcrumb\"},\"inLanguage\":\"en-US\",\"potentialAction\":[{\"@type\":\"ReadAction\",\"target\":[\"https:\/\/pecs-poland.com\/en\/our-team\/\"]}]},{\"@type\":\"BreadcrumbList\",\"@id\":\"https:\/\/pecs-poland.com\/en\/our-team\/#breadcrumb\",\"itemListElement\":[{\"@type\":\"ListItem\",\"position\":1,\"name\":\"Home\",\"item\":\"\/\"},{\"@type\":\"ListItem\",\"position\":2,\"name\":\"About Us\",\"item\":\"https:\/\/pecs-poland.com\/en\/.\/about-us\/\"},{\"@type\":\"ListItem\",\"position\":3,\"name\":\"Our Team\"}]},{\"@type\":\"WebSite\",\"@id\":\"https:\/\/pecs-poland.com\/en\/#website\",\"url\":\"https:\/\/pecs-poland.com\/en\/\",\"name\":\"Pyramid Educational Consultants Poland\",\"description\":\"\",\"potentialAction\":[{\"@type\":\"SearchAction\",\"target\":{\"@type\":\"EntryPoint\",\"urlTemplate\":\"https:\/\/pecs-poland.com\/en\/?s={search_term_string}\"},\"query-input\":{\"@type\":\"PropertyValueSpecification\",\"valueRequired\":true,\"valueName\":\"search_term_string\"}}],\"inLanguage\":\"en-US\"}]}<\/script>\n<!-- \/ Yoast SEO plugin. -->","yoast_head_json":{"title":"Our Team -","robots":{"index":"index","follow":"follow","max-snippet":"max-snippet:-1","max-image-preview":"max-image-preview:large","max-video-preview":"max-video-preview:-1"},"canonical":"https:\/\/pecs-poland.com\/en\/our-team\/","og_locale":"en_US","og_type":"article","og_title":"Our Team -","og_description":"Clinical Team ...","og_url":"https:\/\/pecs-poland.com\/en\/our-team\/","og_site_name":"Pyramid Educational Consultants Poland","article_modified_time":"2024-02-27T14:53:26+00:00","twitter_card":"summary_large_image","twitter_misc":{"Est. reading time":"4 minutes"},"schema":{"@context":"https:\/\/schema.org","@graph":[{"@type":"WebPage","@id":"https:\/\/pecs-poland.com\/en\/our-team\/","url":"https:\/\/pecs-poland.com\/en\/our-team\/","name":"Our Team -","isPartOf":{"@id":"https:\/\/pecs-poland.com\/en\/#website"},"datePublished":"2017-01-19T15:49:57+00:00","dateModified":"2024-02-27T14:53:26+00:00","breadcrumb":{"@id":"https:\/\/pecs-poland.com\/en\/our-team\/#breadcrumb"},"inLanguage":"en-US","potentialAction":[{"@type":"ReadAction","target":["https:\/\/pecs-poland.com\/en\/our-team\/"]}]},{"@type":"BreadcrumbList","@id":"https:\/\/pecs-poland.com\/en\/our-team\/#breadcrumb","itemListElement":[{"@type":"ListItem","position":1,"name":"Home","item":"\/"},{"@type":"ListItem","position":2,"name":"About Us","item":"https:\/\/pecs-poland.com\/en\/.\/about-us\/"},{"@type":"ListItem","position":3,"name":"Our Team"}]},{"@type":"WebSite","@id":"https:\/\/pecs-poland.com\/en\/#website","url":"https:\/\/pecs-poland.com\/en\/","name":"Pyramid Educational Consultants Poland","description":"","potentialAction":[{"@type":"SearchAction","target":{"@type":"EntryPoint","urlTemplate":"https:\/\/pecs-poland.com\/en\/?s={search_term_string}"},"query-input":{"@type":"PropertyValueSpecification","valueRequired":true,"valueName":"search_term_string"}}],"inLanguage":"en-US"}]}},"_links":{"self":[{"href":"https:\/\/pecs-poland.com\/en\/wp-json\/wp\/v2\/pages\/1925","targetHints":{"allow":["GET"]}}],"collection":[{"href":"https:\/\/pecs-poland.com\/en\/wp-json\/wp\/v2\/pages"}],"about":[{"href":"https:\/\/pecs-poland.com\/en\/wp-json\/wp\/v2\/types\/page"}],"author":[{"embeddable":true,"href":"https:\/\/pecs-poland.com\/en\/wp-json\/wp\/v2\/users\/1"}],"replies":[{"embeddable":true,"href":"https:\/\/pecs-poland.com\/en\/wp-json\/wp\/v2\/comments?post=1925"}],"version-history":[{"count":75,"href":"https:\/\/pecs-poland.com\/en\/wp-json\/wp\/v2\/pages\/1925\/revisions"}],"predecessor-version":[{"id":25768,"href":"https:\/\/pecs-poland.com\/en\/wp-json\/wp\/v2\/pages\/1925\/revisions\/25768"}],"wp:attachment":[{"href":"https:\/\/pecs-poland.com\/en\/wp-json\/wp\/v2\/media?parent=1925"}],"wp:term":[{"taxonomy":"category","embeddable":true,"href":"https:\/\/pecs-poland.com\/en\/wp-json\/wp\/v2\/categories?post=1925"},{"taxonomy":"post_tag","embeddable":true,"href":"https:\/\/pecs-poland.com\/en\/wp-json\/wp\/v2\/tags?post=1925"}],"curies":[{"name":"wp","href":"https:\/\/api.w.org\/{rel}","templated":true}]}}